{"id":4,"date":"2021-11-16T18:13:03","date_gmt":"2021-11-16T18:13:03","guid":{"rendered":"https:\/\/mtnongnghiep.com\/?page_id=4"},"modified":"2024-10-13T13:52:32","modified_gmt":"2024-10-13T13:52:32","slug":"create-your-website-with-blocks","status":"publish","type":"page","link":"https:\/\/mtnongnghiep.com\/","title":{"rendered":"C\u01a0 S\u1ede D\u1eee LI\u1ec6U M\u00d4I TR\u01af\u1edcNG N\u00d4NG NGHI\u1ec6P N\u00d4NG TH\u00d4N"},"content":{"rendered":"\n<div class=\"wp-block-jetpack-slideshow\" data-autoplay=\"true\" data-delay=\"3\" data-effect=\"slide\"><div class=\"wp-block-jetpack-slideshow_container swiper-container\"><ul class=\"wp-block-jetpack-slideshow_swiper-wrapper swiper-wrapper\"><li class=\"wp-block-jetpack-slideshow_slide swiper-slide\"><figure><img decoding=\"async\" loading=\"lazy\" width=\"1024\" height=\"602\" alt=\"\" class=\"wp-block-jetpack-slideshow_image wp-image-2567\" data-id=\"2567\" src=\"https:\/\/i1.wp.com\/mtnongnghiep.com\/wp-content\/uploads\/2024\/10\/h-ng-nguy-n-vi-t-UYt647dVcy8-unsplash-3.jpg?resize=1024%2C602\" srcset=\"https:\/\/i1.wp.com\/mtnongnghiep.com\/wp-content\/uploads\/2024\/10\/h-ng-nguy-n-vi-t-UYt647dVcy8-unsplash-3-scaled.jpg?resize=1024%2C602&amp;ssl=1 1024w, https:\/\/i1.wp.com\/mtnongnghiep.com\/wp-content\/uploads\/2024\/10\/h-ng-nguy-n-vi-t-UYt647dVcy8-unsplash-3-scaled.jpg?resize=300%2C176&amp;ssl=1 300w, https:\/\/i1.wp.com\/mtnongnghiep.com\/wp-content\/uploads\/2024\/10\/h-ng-nguy-n-vi-t-UYt647dVcy8-unsplash-3-scaled.jpg?resize=768%2C452&amp;ssl=1 768w, https:\/\/i1.wp.com\/mtnongnghiep.com\/wp-content\/uploads\/2024\/10\/h-ng-nguy-n-vi-t-UYt647dVcy8-unsplash-3-scaled.jpg?resize=1536%2C903&amp;ssl=1 1536w, https:\/\/i1.wp.com\/mtnongnghiep.com\/wp-content\/uploads\/2024\/10\/h-ng-nguy-n-vi-t-UYt647dVcy8-unsplash-3-scaled.jpg?resize=2048%2C1204&amp;ssl=1 2048w, https:\/\/i1.wp.com\/mtnongnghiep.com\/wp-content\/uploads\/2024\/10\/h-ng-nguy-n-vi-t-UYt647dVcy8-unsplash-3-scaled.jpg?resize=1%2C1&amp;ssl=1 1w\" sizes=\"(max-width: 1000px) 100vw, 1000px\" data-recalc-dims=\"1\" \/><\/figure><\/li><li class=\"wp-block-jetpack-slideshow_slide swiper-slide\"><figure><img decoding=\"async\" loading=\"lazy\" width=\"1024\" height=\"681\" alt=\"\" class=\"wp-block-jetpack-slideshow_image wp-image-2568\" data-id=\"2568\" src=\"https:\/\/i1.wp.com\/mtnongnghiep.com\/wp-content\/uploads\/2024\/10\/etienne-girardet-nd9jQ8FXMPM-unsplash.jpg?resize=1024%2C681\" srcset=\"https:\/\/i2.wp.com\/mtnongnghiep.com\/wp-content\/uploads\/2024\/10\/etienne-girardet-nd9jQ8FXMPM-unsplash-scaled.jpg?resize=1024%2C681&amp;ssl=1 1024w, https:\/\/i2.wp.com\/mtnongnghiep.com\/wp-content\/uploads\/2024\/10\/etienne-girardet-nd9jQ8FXMPM-unsplash-scaled.jpg?resize=300%2C200&amp;ssl=1 300w, https:\/\/i2.wp.com\/mtnongnghiep.com\/wp-content\/uploads\/2024\/10\/etienne-girardet-nd9jQ8FXMPM-unsplash-scaled.jpg?resize=768%2C511&amp;ssl=1 768w, https:\/\/i2.wp.com\/mtnongnghiep.com\/wp-content\/uploads\/2024\/10\/etienne-girardet-nd9jQ8FXMPM-unsplash-scaled.jpg?resize=1536%2C1022&amp;ssl=1 1536w, https:\/\/i2.wp.com\/mtnongnghiep.com\/wp-content\/uploads\/2024\/10\/etienne-girardet-nd9jQ8FXMPM-unsplash-scaled.jpg?resize=2048%2C1363&amp;ssl=1 2048w, https:\/\/i2.wp.com\/mtnongnghiep.com\/wp-content\/uploads\/2024\/10\/etienne-girardet-nd9jQ8FXMPM-unsplash-scaled.jpg?resize=1%2C1&amp;ssl=1 1w\" sizes=\"(max-width: 1000px) 100vw, 1000px\" data-recalc-dims=\"1\" \/><\/figure><\/li><li class=\"wp-block-jetpack-slideshow_slide swiper-slide\"><figure><img decoding=\"async\" loading=\"lazy\" width=\"1024\" height=\"631\" alt=\"\" class=\"wp-block-jetpack-slideshow_image wp-image-309\" data-id=\"309\" src=\"https:\/\/i2.wp.com\/mtnongnghiep.com\/wp-content\/uploads\/2021\/11\/d-ng-tri-ppE5mjUS8t0-unsplash.jpg?resize=1024%2C631\" srcset=\"https:\/\/i0.wp.com\/mtnongnghiep.com\/wp-content\/uploads\/2021\/11\/d-ng-tri-ppE5mjUS8t0-unsplash-scaled.jpg?resize=1024%2C631&amp;ssl=1 1024w, https:\/\/i0.wp.com\/mtnongnghiep.com\/wp-content\/uploads\/2021\/11\/d-ng-tri-ppE5mjUS8t0-unsplash-scaled.jpg?resize=300%2C185&amp;ssl=1 300w, https:\/\/i0.wp.com\/mtnongnghiep.com\/wp-content\/uploads\/2021\/11\/d-ng-tri-ppE5mjUS8t0-unsplash-scaled.jpg?resize=768%2C474&amp;ssl=1 768w, https:\/\/i0.wp.com\/mtnongnghiep.com\/wp-content\/uploads\/2021\/11\/d-ng-tri-ppE5mjUS8t0-unsplash-scaled.jpg?resize=1536%2C947&amp;ssl=1 1536w, https:\/\/i0.wp.com\/mtnongnghiep.com\/wp-content\/uploads\/2021\/11\/d-ng-tri-ppE5mjUS8t0-unsplash-scaled.jpg?resize=2048%2C1263&amp;ssl=1 2048w, https:\/\/i0.wp.com\/mtnongnghiep.com\/wp-content\/uploads\/2021\/11\/d-ng-tri-ppE5mjUS8t0-unsplash-scaled.jpg?resize=1%2C1&amp;ssl=1 1w\" sizes=\"(max-width: 1000px) 100vw, 1000px\" data-recalc-dims=\"1\" \/><\/figure><\/li><li class=\"wp-block-jetpack-slideshow_slide swiper-slide\"><figure><img decoding=\"async\" loading=\"lazy\" width=\"1024\" height=\"683\" alt=\"\" class=\"wp-block-jetpack-slideshow_image wp-image-363\" data-id=\"363\" src=\"https:\/\/i2.wp.com\/mtnongnghiep.com\/wp-content\/uploads\/2021\/11\/pexels-quang-nguyen-vinh-6346632.jpg?resize=1024%2C683\" srcset=\"https:\/\/i1.wp.com\/mtnongnghiep.com\/wp-content\/uploads\/2021\/11\/pexels-quang-nguyen-vinh-6346632-scaled.jpg?resize=1024%2C683&amp;ssl=1 1024w, https:\/\/i1.wp.com\/mtnongnghiep.com\/wp-content\/uploads\/2021\/11\/pexels-quang-nguyen-vinh-6346632-scaled.jpg?resize=300%2C200&amp;ssl=1 300w, https:\/\/i1.wp.com\/mtnongnghiep.com\/wp-content\/uploads\/2021\/11\/pexels-quang-nguyen-vinh-6346632-scaled.jpg?resize=768%2C512&amp;ssl=1 768w, https:\/\/i1.wp.com\/mtnongnghiep.com\/wp-content\/uploads\/2021\/11\/pexels-quang-nguyen-vinh-6346632-scaled.jpg?resize=1536%2C1025&amp;ssl=1 1536w, https:\/\/i1.wp.com\/mtnongnghiep.com\/wp-content\/uploads\/2021\/11\/pexels-quang-nguyen-vinh-6346632-scaled.jpg?w=2000 2000w\" sizes=\"(max-width: 1000px) 100vw, 1000px\" data-recalc-dims=\"1\" \/><\/figure><\/li><li class=\"wp-block-jetpack-slideshow_slide swiper-slide\"><figure><img decoding=\"async\" loading=\"lazy\" width=\"1024\" height=\"685\" alt=\"\" class=\"wp-block-jetpack-slideshow_image wp-image-2554\" data-id=\"2554\" src=\"https:\/\/i2.wp.com\/mtnongnghiep.com\/wp-content\/uploads\/2024\/10\/nam-hoang-hUbpMeCK5TQ-unsplash.jpg?resize=1024%2C685\" srcset=\"https:\/\/i0.wp.com\/mtnongnghiep.com\/wp-content\/uploads\/2024\/10\/nam-hoang-hUbpMeCK5TQ-unsplash-scaled.jpg?resize=1024%2C685&amp;ssl=1 1024w, https:\/\/i0.wp.com\/mtnongnghiep.com\/wp-content\/uploads\/2024\/10\/nam-hoang-hUbpMeCK5TQ-unsplash-scaled.jpg?resize=300%2C201&amp;ssl=1 300w, https:\/\/i0.wp.com\/mtnongnghiep.com\/wp-content\/uploads\/2024\/10\/nam-hoang-hUbpMeCK5TQ-unsplash-scaled.jpg?resize=768%2C514&amp;ssl=1 768w, https:\/\/i0.wp.com\/mtnongnghiep.com\/wp-content\/uploads\/2024\/10\/nam-hoang-hUbpMeCK5TQ-unsplash-scaled.jpg?resize=1536%2C1028&amp;ssl=1 1536w, https:\/\/i0.wp.com\/mtnongnghiep.com\/wp-content\/uploads\/2024\/10\/nam-hoang-hUbpMeCK5TQ-unsplash-scaled.jpg?resize=2048%2C1370&amp;ssl=1 2048w, https:\/\/i0.wp.com\/mtnongnghiep.com\/wp-content\/uploads\/2024\/10\/nam-hoang-hUbpMeCK5TQ-unsplash-scaled.jpg?resize=1%2C1&amp;ssl=1 1w\" sizes=\"(max-width: 1000px) 100vw, 1000px\" data-recalc-dims=\"1\" \/><\/figure><\/li><li class=\"wp-block-jetpack-slideshow_slide swiper-slide\"><figure><img decoding=\"async\" loading=\"lazy\" width=\"1024\" height=\"683\" alt=\"\" class=\"wp-block-jetpack-slideshow_image wp-image-2555\" data-id=\"2555\" src=\"https:\/\/i1.wp.com\/mtnongnghiep.com\/wp-content\/uploads\/2024\/10\/minh-triet-7xH-BpnBpkA-unsplash.jpg?resize=1024%2C683\" srcset=\"https:\/\/i0.wp.com\/mtnongnghiep.com\/wp-content\/uploads\/2024\/10\/minh-triet-7xH-BpnBpkA-unsplash-scaled.jpg?resize=1024%2C683&amp;ssl=1 1024w, https:\/\/i0.wp.com\/mtnongnghiep.com\/wp-content\/uploads\/2024\/10\/minh-triet-7xH-BpnBpkA-unsplash-scaled.jpg?resize=300%2C200&amp;ssl=1 300w, https:\/\/i0.wp.com\/mtnongnghiep.com\/wp-content\/uploads\/2024\/10\/minh-triet-7xH-BpnBpkA-unsplash-scaled.jpg?resize=768%2C512&amp;ssl=1 768w, https:\/\/i0.wp.com\/mtnongnghiep.com\/wp-content\/uploads\/2024\/10\/minh-triet-7xH-BpnBpkA-unsplash-scaled.jpg?resize=1536%2C1024&amp;ssl=1 1536w, https:\/\/i0.wp.com\/mtnongnghiep.com\/wp-content\/uploads\/2024\/10\/minh-triet-7xH-BpnBpkA-unsplash-scaled.jpg?resize=2048%2C1365&amp;ssl=1 2048w, https:\/\/i0.wp.com\/mtnongnghiep.com\/wp-content\/uploads\/2024\/10\/minh-triet-7xH-BpnBpkA-unsplash-scaled.jpg?resize=1%2C1&amp;ssl=1 1w\" sizes=\"(max-width: 1000px) 100vw, 1000px\" data-recalc-dims=\"1\" \/><\/figure><\/li><li class=\"wp-block-jetpack-slideshow_slide swiper-slide\"><figure><img decoding=\"async\" loading=\"lazy\" width=\"1024\" height=\"683\" alt=\"\" class=\"wp-block-jetpack-slideshow_image wp-image-277\" data-id=\"277\" src=\"https:\/\/i2.wp.com\/mtnongnghiep.com\/wp-content\/uploads\/2021\/11\/hoian.jpg?resize=1024%2C683\" srcset=\"https:\/\/i0.wp.com\/mtnongnghiep.com\/wp-content\/uploads\/2021\/11\/hoian-scaled.jpg?resize=1024%2C683&amp;ssl=1 1024w, https:\/\/i0.wp.com\/mtnongnghiep.com\/wp-content\/uploads\/2021\/11\/hoian-scaled.jpg?resize=300%2C200&amp;ssl=1 300w, https:\/\/i0.wp.com\/mtnongnghiep.com\/wp-content\/uploads\/2021\/11\/hoian-scaled.jpg?resize=768%2C512&amp;ssl=1 768w, https:\/\/i0.wp.com\/mtnongnghiep.com\/wp-content\/uploads\/2021\/11\/hoian-scaled.jpg?resize=1536%2C1024&amp;ssl=1 1536w, https:\/\/i0.wp.com\/mtnongnghiep.com\/wp-content\/uploads\/2021\/11\/hoian-scaled.jpg?resize=2048%2C1365&amp;ssl=1 2048w, https:\/\/i0.wp.com\/mtnongnghiep.com\/wp-content\/uploads\/2021\/11\/hoian-scaled.jpg?resize=1%2C1&amp;ssl=1 1w\" sizes=\"(max-width: 1000px) 100vw, 1000px\" data-recalc-dims=\"1\" \/><\/figure><\/li><li class=\"wp-block-jetpack-slideshow_slide swiper-slide\"><figure><img decoding=\"async\" loading=\"lazy\" width=\"1024\" height=\"683\" alt=\"\" class=\"wp-block-jetpack-slideshow_image wp-image-2566\" data-id=\"2566\" src=\"https:\/\/i2.wp.com\/mtnongnghiep.com\/wp-content\/uploads\/2024\/10\/quang-nguyen-vinh-wpPVXCs0xvs-unsplash-3.jpg?resize=1024%2C683\" srcset=\"https:\/\/i1.wp.com\/mtnongnghiep.com\/wp-content\/uploads\/2024\/10\/quang-nguyen-vinh-wpPVXCs0xvs-unsplash-3-scaled.jpg?resize=1024%2C683&amp;ssl=1 1024w, https:\/\/i1.wp.com\/mtnongnghiep.com\/wp-content\/uploads\/2024\/10\/quang-nguyen-vinh-wpPVXCs0xvs-unsplash-3-scaled.jpg?resize=300%2C200&amp;ssl=1 300w, https:\/\/i1.wp.com\/mtnongnghiep.com\/wp-content\/uploads\/2024\/10\/quang-nguyen-vinh-wpPVXCs0xvs-unsplash-3-scaled.jpg?resize=768%2C512&amp;ssl=1 768w, https:\/\/i1.wp.com\/mtnongnghiep.com\/wp-content\/uploads\/2024\/10\/quang-nguyen-vinh-wpPVXCs0xvs-unsplash-3-scaled.jpg?resize=1536%2C1024&amp;ssl=1 1536w, https:\/\/i1.wp.com\/mtnongnghiep.com\/wp-content\/uploads\/2024\/10\/quang-nguyen-vinh-wpPVXCs0xvs-unsplash-3-scaled.jpg?resize=2048%2C1365&amp;ssl=1 2048w, https:\/\/i1.wp.com\/mtnongnghiep.com\/wp-content\/uploads\/2024\/10\/quang-nguyen-vinh-wpPVXCs0xvs-unsplash-3-scaled.jpg?resize=1%2C1&amp;ssl=1 1w\" sizes=\"(max-width: 1000px) 100vw, 1000px\" data-recalc-dims=\"1\" \/><\/figure><\/li><\/ul><a class=\"wp-block-jetpack-slideshow_button-prev swiper-button-prev swiper-button-white\" role=\"button\"><\/a><a class=\"wp-block-jetpack-slideshow_button-next swiper-button-next swiper-button-white\" role=\"button\"><\/a><a aria-label=\"Pause Slideshow\" class=\"wp-block-jetpack-slideshow_button-pause\" role=\"button\"><\/a><div class=\"wp-block-jetpack-slideshow_pagination swiper-pagination swiper-pagination-white\"><\/div><\/div><\/div>\n\n\n\n<div class=\"is-layout-flex wp-container-7 wp-block-columns alignwide are-vertically-aligned-top\">\n<div class=\"is-layout-flow wp-block-column is-vertically-aligned-top\">\n<h3 class=\"has-text-align-center has-text-color\" style=\"color:#63b43e\">Ph\u00e1t tri\u1ec3n Khoa h\u1ecdc c\u00f4ng ngh\u1ec7 v\u00e0 \u0110\u1ed5i m\u1edbi s\u00e1ng t\u1ea1o L\u00e2m nghi\u1ec7p<\/h3>\n\n\n\n<p>Tr\u01b0\u1eddng \u0110\u1ea1i h\u1ecdc L\u00e2m nghi\u1ec7p ph\u1ed1i h\u1ee3p v\u1edbi T\u1ed5ng c\u1ee5c L\u00e2m nghi\u1ec7p t\u1ed5 ch\u1ee9c H\u1ed9i Th\u1ea3o \u201c\u0110\u1ecbnh h\u01b0\u1edbng ph\u00e1t tri\u1ec3n Khoa h\u1ecdc c\u00f4ng ngh\u1ec7 v\u00e0 \u0110\u1ed5i m\u1edbi s\u00e1ng t\u1ea1o L\u00e2m nghi\u1ec7p giai \u0111o\u1ea1n 2022-2030\u201d<\/p>\n\n\n\n<div class=\"is-layout-flex wp-block-buttons\">\n<div class=\"wp-block-button has-custom-width wp-block-button__width-100\"><a class=\"wp-block-button__link has-background wp-element-button\" href=\"https:\/\/vnuf.edu.vn\/hoi-thao-dinh-huong-phat-trien-khoa-hoc-cong-nghe-va-doi-moi-sang-tao-lam-nghiep-giai-doan-2022-2030.html\" style=\"background-color:#63b43e\" target=\"_blank\" rel=\"noreferrer noopener\"><strong>\u0110\u1ecdc th\u00eam<\/strong><\/a><\/div>\n<\/div>\n<\/div>\n\n\n\n<div class=\"is-layout-flow wp-block-column is-vertically-aligned-top\">\n<h3 class=\"has-text-align-center has-text-color\" style=\"color:#63b43e\">Gi\u1edbi thi\u1ec7u h\u1ec7 th\u1ed1ng th\u00f4ng tin c\u1ea3nh b\u00e1o d\u1ecbch b\u1ec7nh ch\u0103n nu\u00f4i to\u00e0n c\u1ea7u<\/h3>\n\n\n\n<p>EMPRES-i + s\u1ebd cho ph\u00e9p c\u00e1c qu\u1ed1c gia theo d\u00f5i s\u1ef1 l\u00e2y lan v\u00e0 nguy c\u01a1 b\u00f9ng ph\u00e1t c\u1ee7a d\u1ecbch b\u1ec7nh, h\u1ed7 tr\u1ee3 l\u1eadp k\u1ebf ho\u1ea1ch ki\u1ec3m so\u00e1t d\u1ecbch b\u1ec7nh v\u00e0 tri\u1ec3n khai c\u00e1c bi\u1ec7n ph\u00e1p can thi\u1ec7p k\u1ecbp th\u1eddi.<\/p>\n\n\n\n<div class=\"is-layout-flex wp-block-buttons\">\n<div class=\"wp-block-button has-custom-width wp-block-button__width-100\"><a class=\"wp-block-button__link has-background wp-element-button\" href=\"https:\/\/empres-i.apps.fao.org\/\" style=\"background-color:#63b43e\" target=\"_blank\" rel=\"noreferrer noopener\"><strong>Truy c\u1eadp EMPRES-i +<\/strong><\/a><\/div>\n<\/div>\n<\/div>\n\n\n\n<div class=\"is-layout-flow wp-block-column is-vertically-aligned-top\">\n<h3 class=\"has-text-align-center has-text-color\" style=\"color:#63b43e\">Ph\u00f3ng th\u00e0nh c\u00f4ng v\u1ec7 tinh th\u1ee9 3 c\u1ee7a Vi\u1ec7t Nam &#8211; Nano Dragon<\/h3>\n\n\n\n<p>S\u00e1ng 9\/11, v\u1ec7 tinh NanoDragon  do Trung t\u00e2m v\u0169 tr\u1ee5 Vi\u1ec7t Nam &#8211; Vi\u1ec7n H\u00e0n l\u00e2m Khoa h\u1ecdc v\u00e0 C\u00f4ng ngh\u1ec7 Vi\u1ec7t Nam t\u1ef1 thi\u1ebft k\u1ebf v\u00e0 ch\u1ebf t\u1ea1o \u0111\u00e3 \u0111\u01b0\u1ee3c ph\u00f3ng th\u00e0nh c\u00f4ng l\u00ean qu\u1ef9 \u0111\u1ea1o.<\/p>\n\n\n\n<div class=\"is-layout-flex wp-block-buttons\">\n<div class=\"wp-block-button has-custom-width wp-block-button__width-100\"><a class=\"wp-block-button__link has-background wp-element-button\" href=\"https:\/\/www.youtube.com\/watch?v=71Ob1vLVStY\" style=\"background-color:#63b43e\" target=\"_blank\" rel=\"noreferrer noopener\"><strong>Xem video s\u1ef1 ki\u1ec7n<\/strong><\/a><\/div>\n<\/div>\n<\/div>\n<\/div>\n","protected":false},"excerpt":{"rendered":"<p>Ph\u00e1t tri\u1ec3n Khoa h\u1ecdc c\u00f4ng ngh\u1ec7 v\u00e0 \u0110\u1ed5i m\u1edbi s\u00e1ng t\u1ea1o L\u00e2m nghi\u1ec7p Tr\u01b0\u1eddng \u0110\u1ea1i h\u1ecdc L\u00e2m nghi\u1ec7p ph\u1ed1i h\u1ee3p v\u1edbi T\u1ed5ng c\u1ee5c L\u00e2m nghi\u1ec7p t\u1ed5 ch\u1ee9c H\u1ed9i Th\u1ea3o \u201c\u0110\u1ecbnh h\u01b0\u1edbng ph\u00e1t tri\u1ec3n Khoa h\u1ecdc c\u00f4ng ngh\u1ec7 v\u00e0 \u0110\u1ed5i m\u1edbi s\u00e1ng t\u1ea1o L\u00e2m nghi\u1ec7p giai \u0111o\u1ea1n 2022-2030\u201d Gi\u1edbi thi\u1ec7u h\u1ec7 th\u1ed1ng th\u00f4ng tin c\u1ea3nh b\u00e1o [&hellip;]<\/p>\n","protected":false},"author":1,"featured_media":0,"parent":0,"menu_order":0,"comment_status":"closed","ping_status":"closed","template":"full-width.php","meta":{"spay_email":""},"jetpack-related-posts":[{"id":5,"url":"https:\/\/mtnongnghiep.com\/index.php\/about\/","url_meta":{"origin":4,"position":0},"title":"Gi\u1edbi thi\u1ec7u","date":"November 16, 2021","format":false,"excerpt":"C\u01a1 s\u1edf d\u1eef li\u1ec7u m\u00f4i tr\u01b0\u1eddng n\u00f4ng nghi\u1ec7p n\u00f4ng th\u00f4n l\u00e0 m\u1ed9t s\u1ea3n ph\u1ea9m c\u1ee7a \"Nhi\u1ec7m v\u1ee5 l\u1eadp b\u00e1o c\u00e1o c\u00f4ng t\u00e1c b\u1ea3o v\u1ec7 m\u00f4i tr\u01b0\u1eddng ng\u00e0nh n\u00f4ng nghi\u1ec7p n\u0103m 2019, 2020, 2021, 2022, 2023\"\u00a0C\u01a1 quan th\u1ef1c hi\u1ec7n:\u00a0Vi\u1ec7n M\u00f4i tr\u01b0\u1eddng N\u00f4ng nghi\u1ec7p, Vi\u1ec7n Khoa h\u1ecdc N\u00f4ng nghi\u1ec7p Vi\u1ec7t Nam\u0110\u1ecba ch\u1ec9:\u2026","rel":"","context":"Similar post","img":{"alt_text":"","src":"https:\/\/i0.wp.com\/mtnongnghiep.com\/wp-content\/uploads\/2021\/11\/mard.1-300x300.png?resize=350%2C200","width":350,"height":200},"classes":[]},{"id":34,"url":"https:\/\/mtnongnghiep.com\/index.php\/du-lieu\/","url_meta":{"origin":4,"position":1},"title":"D\u1eef li\u1ec7u","date":"November 17, 2021","format":false,"excerpt":"L\u0129nh v\u1ef1c tr\u1ed3ng tr\u1ecdtHi\u1ec7n tr\u1ea1ng s\u1ea3n xu\u1ea5t, t\u1ef7 l\u1ec7 m\u1ed9t s\u1ed1 h\u00ecnh th\u1ee9c x\u1eed l\u00fd ph\u1ee5 ph\u1ea9m n\u00f4ng nghi\u1ec7p, l\u01b0\u1ee3ng ph\u00e1t sinh ph\u1ee5 ph\u1ea9m c\u00e2y tr\u1ed3ng B\u1ea3ng L\u0129nh v\u1ef1c ch\u0103n nu\u00f4iT\u00ecnh h\u00ecnh s\u1ea3n xu\u1ea5t, t\u1ef7 l\u1ec7 m\u1ed9t s\u1ed1 h\u00ecnh th\u1ee9c x\u1eed l\u00fd ch\u1ea5t th\u1ea3i, l\u01b0\u1ee3ng ch\u1ea5t th\u1ea3i ph\u00e1t sinh, l\u01b0\u1ee3ng\u2026","rel":"","context":"Similar post","img":{"alt_text":"","src":"","width":0,"height":0},"classes":[]},{"id":475,"url":"https:\/\/mtnongnghiep.com\/index.php\/du-lieu-moi-truong-dat\/","url_meta":{"origin":4,"position":2},"title":"D\u1eef li\u1ec7u M\u00f4i tr\u01b0\u1eddng \u0111\u1ea5t","date":"November 25, 2021","format":false,"excerpt":"","rel":"","context":"Similar post","img":{"alt_text":"","src":"","width":0,"height":0},"classes":[]},{"id":454,"url":"https:\/\/mtnongnghiep.com\/index.php\/du-lieu-lam-nghiep\/","url_meta":{"origin":4,"position":3},"title":"D\u1eef li\u1ec7u L\u00e2m nghi\u1ec7p","date":"November 25, 2021","format":false,"excerpt":"","rel":"","context":"Similar post","img":{"alt_text":"","src":"","width":0,"height":0},"classes":[]},{"id":2762,"url":"https:\/\/mtnongnghiep.com\/index.php\/du-lieu-bdkh-linh-vuc-diem-nghiep\/","url_meta":{"origin":4,"position":4},"title":"D\u1eef li\u1ec7u B\u0110KH l\u0129nh v\u1ef1c di\u00eam nghi\u1ec7p","date":"December 25, 2024","format":false,"excerpt":"V\u0103n b\u1ea3n ph\u00e1p l\u00fd T\u00e1c \u0111\u1ed9ng B\u0110KH v\u00e0 ph\u00e1t th\u1ea3i KNK Gi\u1ea3m nh\u1eb9 v\u00e0 th\u00edch \u1ee9ng B\u1ea3o v\u1ec7 t\u1ea7ng ozon K\u1ebft qu\u1ea3 \u0111\u00e1nh gi\u00e1 kh\u00ed h\u1eadu Qu\u1ed1c gia Nghi\u00ean c\u1ee9u KHCN \u1ee9ng ph\u00f3 B\u0110KH Ngu\u1ed3n l\u1ef1c \u1ee9ng ph\u00f3 B\u0110KH H\u1ee3p t\u00e1c qu\u1ed1c t\u1ebf","rel":"","context":"Similar post","img":{"alt_text":"","src":"","width":0,"height":0},"classes":[]},{"id":2758,"url":"https:\/\/mtnongnghiep.com\/index.php\/du-lieu-bdkh-linh-vuc-lam-nghiep\/","url_meta":{"origin":4,"position":5},"title":"D\u1eef li\u1ec7u B\u0110KH l\u0129nh v\u1ef1c l\u00e2m nghi\u1ec7p","date":"December 25, 2024","format":false,"excerpt":"V\u0103n b\u1ea3n ph\u00e1p l\u00fd T\u00e1c \u0111\u1ed9ng B\u0110KH v\u00e0 ph\u00e1t th\u1ea3i KNK Gi\u1ea3m nh\u1eb9 v\u00e0 th\u00edch \u1ee9ng B\u1ea3o v\u1ec7 t\u1ea7ng ozon K\u1ebft qu\u1ea3 \u0111\u00e1nh gi\u00e1 kh\u00ed h\u1eadu Qu\u1ed1c gia Nghi\u00ean c\u1ee9u KHCN \u1ee9ng ph\u00f3 B\u0110KH Ngu\u1ed3n l\u1ef1c \u1ee9ng ph\u00f3 B\u0110KH H\u1ee3p t\u00e1c qu\u1ed1c t\u1ebf","rel":"","context":"Similar post","img":{"alt_text":"","src":"","width":0,"height":0},"classes":[]}],"_links":{"self":[{"href":"https:\/\/mtnongnghiep.com\/index.php\/wp-json\/wp\/v2\/pages\/4"}],"collection":[{"href":"https:\/\/mtnongnghiep.com\/index.php\/wp-json\/wp\/v2\/pages"}],"about":[{"href":"https:\/\/mtnongnghiep.com\/index.php\/wp-json\/wp\/v2\/types\/page"}],"author":[{"embeddable":true,"href":"https:\/\/mtnongnghiep.com\/index.php\/wp-json\/wp\/v2\/users\/1"}],"replies":[{"embeddable":true,"href":"https:\/\/mtnongnghiep.com\/index.php\/wp-json\/wp\/v2\/comments?post=4"}],"version-history":[{"count":28,"href":"https:\/\/mtnongnghiep.com\/index.php\/wp-json\/wp\/v2\/pages\/4\/revisions"}],"predecessor-version":[{"id":2569,"href":"https:\/\/mtnongnghiep.com\/index.php\/wp-json\/wp\/v2\/pages\/4\/revisions\/2569"}],"wp:attachment":[{"href":"https:\/\/mtnongnghiep.com\/index.php\/wp-json\/wp\/v2\/media?parent=4"}],"curies":[{"name":"wp","href":"https:\/\/api.w.org\/{rel}","templated":true}]}}