{"id":5,"date":"2021-11-16T18:13:03","date_gmt":"2021-11-16T18:13:03","guid":{"rendered":"https:\/\/mtnongnghiep.com\/?page_id=5"},"modified":"2025-06-17T13:53:31","modified_gmt":"2025-06-17T13:53:31","slug":"about","status":"publish","type":"page","link":"https:\/\/mtnongnghiep.com\/index.php\/about\/","title":{"rendered":"Gi\u1edbi thi\u1ec7u"},"content":{"rendered":"\t\t<div data-elementor-type=\"wp-page\" data-elementor-id=\"5\" class=\"elementor elementor-5\" data-elementor-settings=\"[]\">\n\t\t\t\t\t\t\t<div class=\"elementor-section-wrap\">\n\t\t\t\t\t\t\t<section class=\"elementor-section elementor-top-section elementor-element elementor-element-daf9b4d elementor-section-boxed elementor-section-height-default elementor-section-height-default\" data-id=\"daf9b4d\" data-element_type=\"section\">\n\t\t\t\t\t\t<div class=\"elementor-container elementor-column-gap-default\">\n\t\t\t\t\t<div class=\"elementor-column elementor-col-100 elementor-top-column elementor-element elementor-element-271e46f\" data-id=\"271e46f\" data-element_type=\"column\">\n\t\t\t<div class=\"elementor-widget-wrap elementor-element-populated\">\n\t\t\t\t\t\t\t\t<div class=\"elementor-element elementor-element-0af8bbe elementor-widget elementor-widget-text-editor\" data-id=\"0af8bbe\" data-element_type=\"widget\" data-widget_type=\"text-editor.default\">\n\t\t\t\t<div class=\"elementor-widget-container\">\n\t\t\t\t\t\t\t<h1>C\u01a1 s\u1edf d\u1eef li\u1ec7u m\u00f4i tr\u01b0\u1eddng n\u00f4ng nghi\u1ec7p n\u00f4ng th\u00f4n l\u00e0 m\u1ed9t s\u1ea3n ph\u1ea9m c\u1ee7a &#8220;Nhi\u1ec7m v\u1ee5 l\u1eadp b\u00e1o c\u00e1o c\u00f4ng t\u00e1c b\u1ea3o v\u1ec7 m\u00f4i tr\u01b0\u1eddng ng\u00e0nh n\u00f4ng nghi\u1ec7p n\u0103m 2019, 2020, 2021, 2022, 2023&#8221;<\/h1><div>\u00a0<\/div><h2>C\u01a1 quan th\u1ef1c hi\u1ec7n:\u00a0<\/h2><h2>Vi\u1ec7n M\u00f4i tr\u01b0\u1eddng N\u00f4ng nghi\u1ec7p, Vi\u1ec7n Khoa h\u1ecdc N\u00f4ng nghi\u1ec7p Vi\u1ec7t Nam<\/h2><ul><li><span style=\"color: var( --e-global-color-text ); font-family: var( --e-global-typography-text-font-family ), Sans-serif; font-weight: normal;\">\u0110\u1ecba ch\u1ec9: Ph\u1ed1 Sa \u0110\u00f4i, Ph\u01b0\u1eddng Ph\u00fa \u0110\u00f4, Qu\u1eadn Nam T\u1eeb Li\u00eam, H\u00e0 N\u1ed9i<\/span><\/li><\/ul><ul><li><span style=\"color: var( --e-global-color-text ); font-family: var( --e-global-typography-text-font-family ), Sans-serif; font-weight: normal;\">\u0110i\u1ec7n tho\u1ea1i: 024 3789 3277<\/span><\/li><\/ul><p><span style=\"color: #282828; font-family: Roboto; font-size: 26px; font-weight: bold;\">C\u01a1 quan qu\u1ea3n l\u00fd:\u00a0<\/span><\/p><p><span style=\"color: #282828; font-family: Roboto; font-size: 26px; font-weight: bold;\">V\u1ee5 Khoa h\u1ecdc, C\u00f4ng ngh\u1ec7 v\u00e0 M\u00f4i tr\u01b0\u1eddng, B\u1ed9 N\u00f4ng nghi\u1ec7p v\u00e0 M\u00f4i Tr\u01b0\u1eddng<\/span><\/p><ul><li><span style=\"color: var( --e-global-color-text ); font-family: var( --e-global-typography-text-font-family ), Sans-serif; font-weight: normal;\">\u0110\u1ecba ch\u1ec9: Nh\u00e0 A9, s\u1ed1 2 Ng\u1ecdc H\u00e0, Qu\u1eadn Ba \u0110\u00ecnh, H\u00e0 N\u1ed9i<\/span><\/li><\/ul><ul><li><span style=\"color: var( --e-global-color-text ); font-family: var( --e-global-typography-text-font-family ), Sans-serif; font-weight: normal;\">\u0110i\u1ec7n tho\u1ea1i: 024 <\/span>8237 5342019, 2<\/li><\/ul>\t\t\t\t\t\t<\/div>\n\t\t\t\t<\/div>\n\t\t\t\t<section class=\"elementor-section elementor-inner-section elementor-element elementor-element-b257b53 elementor-section-boxed elementor-section-height-default elementor-section-height-default\" data-id=\"b257b53\" data-element_type=\"section\">\n\t\t\t\t\t\t<div class=\"elementor-container elementor-column-gap-default\">\n\t\t\t\t\t<div class=\"elementor-column elementor-col-33 elementor-inner-column elementor-element elementor-element-d0e1eb1\" data-id=\"d0e1eb1\" data-element_type=\"column\">\n\t\t\t<div class=\"elementor-widget-wrap elementor-element-populated\">\n\t\t\t\t\t\t\t\t<div class=\"elementor-element elementor-element-3c15fac elementor-widget elementor-widget-image\" data-id=\"3c15fac\" data-element_type=\"widget\" data-widget_type=\"image.default\">\n\t\t\t\t<div class=\"elementor-widget-container\">\n\t\t\t\t\t\t\t\t\t\t\t\t\t\t\t<img decoding=\"async\" width=\"300\" height=\"300\" src=\"https:\/\/i2.wp.com\/mtnongnghiep.com\/wp-content\/uploads\/2021\/11\/mard.1.png?fit=300%2C300&amp;ssl=1\" class=\"attachment-medium size-medium\" alt=\"\" loading=\"lazy\" srcset=\"https:\/\/i2.wp.com\/mtnongnghiep.com\/wp-content\/uploads\/2021\/11\/mard.1.png?w=512&amp;ssl=1 512w, https:\/\/i2.wp.com\/mtnongnghiep.com\/wp-content\/uploads\/2021\/11\/mard.1.png?resize=300%2C300&amp;ssl=1 300w, https:\/\/i2.wp.com\/mtnongnghiep.com\/wp-content\/uploads\/2021\/11\/mard.1.png?resize=150%2C150&amp;ssl=1 150w, https:\/\/i2.wp.com\/mtnongnghiep.com\/wp-content\/uploads\/2021\/11\/mard.1.png?resize=1%2C1&amp;ssl=1 1w\" sizes=\"(max-width: 300px) 100vw, 300px\" \/>\t\t\t\t\t\t\t\t\t\t\t\t\t\t\t<\/div>\n\t\t\t\t<\/div>\n\t\t\t\t\t<\/div>\n\t\t<\/div>\n\t\t\t\t<div class=\"elementor-column elementor-col-33 elementor-inner-column elementor-element elementor-element-4e28894\" data-id=\"4e28894\" data-element_type=\"column\">\n\t\t\t<div class=\"elementor-widget-wrap elementor-element-populated\">\n\t\t\t\t\t\t\t\t<div class=\"elementor-element elementor-element-6f217a3 elementor-widget elementor-widget-image\" data-id=\"6f217a3\" data-element_type=\"widget\" data-widget_type=\"image.default\">\n\t\t\t\t<div class=\"elementor-widget-container\">\n\t\t\t\t\t\t\t\t\t\t\t\t\t\t\t<img decoding=\"async\" width=\"300\" height=\"300\" src=\"https:\/\/i2.wp.com\/mtnongnghiep.com\/wp-content\/uploads\/2021\/11\/113149506_3284998821559790_6110961361945757957_n.png?fit=300%2C300&amp;ssl=1\" class=\"attachment-medium size-medium\" alt=\"\" loading=\"lazy\" srcset=\"https:\/\/i2.wp.com\/mtnongnghiep.com\/wp-content\/uploads\/2021\/11\/113149506_3284998821559790_6110961361945757957_n.png?w=600&amp;ssl=1 600w, https:\/\/i2.wp.com\/mtnongnghiep.com\/wp-content\/uploads\/2021\/11\/113149506_3284998821559790_6110961361945757957_n.png?resize=300%2C300&amp;ssl=1 300w, https:\/\/i2.wp.com\/mtnongnghiep.com\/wp-content\/uploads\/2021\/11\/113149506_3284998821559790_6110961361945757957_n.png?resize=150%2C150&amp;ssl=1 150w, https:\/\/i2.wp.com\/mtnongnghiep.com\/wp-content\/uploads\/2021\/11\/113149506_3284998821559790_6110961361945757957_n.png?resize=1%2C1&amp;ssl=1 1w\" sizes=\"(max-width: 300px) 100vw, 300px\" \/>\t\t\t\t\t\t\t\t\t\t\t\t\t\t\t<\/div>\n\t\t\t\t<\/div>\n\t\t\t\t\t<\/div>\n\t\t<\/div>\n\t\t\t\t<div class=\"elementor-column elementor-col-33 elementor-inner-column elementor-element elementor-element-562f246\" data-id=\"562f246\" data-element_type=\"column\">\n\t\t\t<div class=\"elementor-widget-wrap elementor-element-populated\">\n\t\t\t\t\t\t\t\t<div class=\"elementor-element elementor-element-684ca87 elementor-widget elementor-widget-image\" data-id=\"684ca87\" data-element_type=\"widget\" data-widget_type=\"image.default\">\n\t\t\t\t<div class=\"elementor-widget-container\">\n\t\t\t\t\t\t\t\t\t\t\t\t\t\t\t<img decoding=\"async\" width=\"300\" height=\"300\" src=\"https:\/\/i0.wp.com\/mtnongnghiep.com\/wp-content\/uploads\/2021\/11\/Capture.png?fit=300%2C300&amp;ssl=1\" class=\"attachment-medium size-medium\" alt=\"\" loading=\"lazy\" srcset=\"https:\/\/i0.wp.com\/mtnongnghiep.com\/wp-content\/uploads\/2021\/11\/Capture.png?w=464&amp;ssl=1 464w, https:\/\/i0.wp.com\/mtnongnghiep.com\/wp-content\/uploads\/2021\/11\/Capture.png?resize=300%2C300&amp;ssl=1 300w, https:\/\/i0.wp.com\/mtnongnghiep.com\/wp-content\/uploads\/2021\/11\/Capture.png?resize=150%2C150&amp;ssl=1 150w, https:\/\/i0.wp.com\/mtnongnghiep.com\/wp-content\/uploads\/2021\/11\/Capture.png?resize=1%2C1&amp;ssl=1 1w\" sizes=\"(max-width: 300px) 100vw, 300px\" \/>\t\t\t\t\t\t\t\t\t\t\t\t\t\t\t<\/div>\n\t\t\t\t<\/div>\n\t\t\t\t\t<\/div>\n\t\t<\/div>\n\t\t\t\t\t\t\t<\/div>\n\t\t<\/section>\n\t\t\t\t\t<\/div>\n\t\t<\/div>\n\t\t\t\t\t\t\t<\/div>\n\t\t<\/section>\n\t\t\t\t<section class=\"elementor-section elementor-top-section elementor-element elementor-element-c7b6b7d elementor-section-boxed elementor-section-height-default elementor-section-height-default\" data-id=\"c7b6b7d\" data-element_type=\"section\">\n\t\t\t\t\t\t<div class=\"elementor-container elementor-column-gap-default\">\n\t\t\t\t\t<div class=\"elementor-column elementor-col-100 elementor-top-column elementor-element elementor-element-eadf3c4\" data-id=\"eadf3c4\" data-element_type=\"column\">\n\t\t\t<div class=\"elementor-widget-wrap\">\n\t\t\t\t\t\t\t\t\t<\/div>\n\t\t<\/div>\n\t\t\t\t\t\t\t<\/div>\n\t\t<\/section>\n\t\t\t\t\t\t<\/div>\n\t\t\t\t\t<\/div>\n\t\t","protected":false},"excerpt":{"rendered":"<p>C\u01a1 s\u1edf d\u1eef li\u1ec7u m\u00f4i tr\u01b0\u1eddng n\u00f4ng nghi\u1ec7p n\u00f4ng th\u00f4n l\u00e0 m\u1ed9t s\u1ea3n ph\u1ea9m c\u1ee7a &#8220;Nhi\u1ec7m v\u1ee5 l\u1eadp b\u00e1o c\u00e1o c\u00f4ng t\u00e1c b\u1ea3o v\u1ec7 m\u00f4i tr\u01b0\u1eddng ng\u00e0nh n\u00f4ng nghi\u1ec7p n\u0103m 2019, 2020, 2021, 2022, 2023&#8221; \u00a0 C\u01a1 quan th\u1ef1c hi\u1ec7n:\u00a0 Vi\u1ec7n M\u00f4i tr\u01b0\u1eddng N\u00f4ng nghi\u1ec7p, Vi\u1ec7n Khoa h\u1ecdc N\u00f4ng nghi\u1ec7p Vi\u1ec7t Nam \u0110\u1ecba ch\u1ec9: Ph\u1ed1 [&hellip;]<\/p>\n","protected":false},"author":1,"featured_media":0,"parent":0,"menu_order":0,"comment_status":"closed","ping_status":"closed","template":"full-width.php","meta":{"spay_email":""},"jetpack-related-posts":[{"id":4,"url":"https:\/\/mtnongnghiep.com\/","url_meta":{"origin":5,"position":0},"title":"C\u01a0 S\u1ede D\u1eee LI\u1ec6U M\u00d4I TR\u01af\u1edcNG N\u00d4NG NGHI\u1ec6P N\u00d4NG TH\u00d4N","date":"November 16, 2021","format":false,"excerpt":"Ph\u00e1t tri\u1ec3n Khoa h\u1ecdc c\u00f4ng ngh\u1ec7 v\u00e0 \u0110\u1ed5i m\u1edbi s\u00e1ng t\u1ea1o L\u00e2m nghi\u1ec7p Tr\u01b0\u1eddng \u0110\u1ea1i h\u1ecdc L\u00e2m nghi\u1ec7p ph\u1ed1i h\u1ee3p v\u1edbi T\u1ed5ng c\u1ee5c L\u00e2m nghi\u1ec7p t\u1ed5 ch\u1ee9c H\u1ed9i Th\u1ea3o \u201c\u0110\u1ecbnh h\u01b0\u1edbng ph\u00e1t tri\u1ec3n Khoa h\u1ecdc c\u00f4ng ngh\u1ec7 v\u00e0 \u0110\u1ed5i m\u1edbi s\u00e1ng t\u1ea1o L\u00e2m nghi\u1ec7p giai \u0111o\u1ea1n 2022-2030\u201d \u0110\u1ecdc th\u00eam Gi\u1edbi\u2026","rel":"","context":"Similar post","img":{"alt_text":"","src":"https:\/\/i1.wp.com\/mtnongnghiep.com\/wp-content\/uploads\/2024\/10\/h-ng-nguy-n-vi-t-UYt647dVcy8-unsplash-3-scaled.jpg?resize=350%2C200&ssl=1","width":350,"height":200},"classes":[]},{"id":34,"url":"https:\/\/mtnongnghiep.com\/index.php\/du-lieu\/","url_meta":{"origin":5,"position":1},"title":"D\u1eef li\u1ec7u","date":"November 17, 2021","format":false,"excerpt":"L\u0129nh v\u1ef1c tr\u1ed3ng tr\u1ecdtHi\u1ec7n tr\u1ea1ng s\u1ea3n xu\u1ea5t, t\u1ef7 l\u1ec7 m\u1ed9t s\u1ed1 h\u00ecnh th\u1ee9c x\u1eed l\u00fd ph\u1ee5 ph\u1ea9m n\u00f4ng nghi\u1ec7p, l\u01b0\u1ee3ng ph\u00e1t sinh ph\u1ee5 ph\u1ea9m c\u00e2y tr\u1ed3ng B\u1ea3ng L\u0129nh v\u1ef1c ch\u0103n nu\u00f4iT\u00ecnh h\u00ecnh s\u1ea3n xu\u1ea5t, t\u1ef7 l\u1ec7 m\u1ed9t s\u1ed1 h\u00ecnh th\u1ee9c x\u1eed l\u00fd ch\u1ea5t th\u1ea3i, l\u01b0\u1ee3ng ch\u1ea5t th\u1ea3i ph\u00e1t sinh, l\u01b0\u1ee3ng\u2026","rel":"","context":"Similar post","img":{"alt_text":"","src":"","width":0,"height":0},"classes":[]},{"id":2689,"url":"https:\/\/mtnongnghiep.com\/index.php\/du-lieu-bdkh\/","url_meta":{"origin":5,"position":2},"title":"D\u1eef li\u1ec7u bi\u1ebfn \u0111\u1ed5i kh\u00ed h\u1eadu ng\u00e0nh n\u00f4ng nghi\u1ec7p","date":"December 25, 2024","format":false,"excerpt":"Ch\u0103n nu\u00f4i Tr\u1ed3ng tr\u1ecdt Th\u1ee7y s\u1ea3n L\u00e2m nghi\u1ec7p Th\u1ee7y l\u1ee3i L\u00e0ng ngh\u1ec1 Di\u00eam nghi\u1ec7p Ch\u0103n nu\u00f4i V\u0103n b\u1ea3n ph\u00e1p l\u00fd T\u00e1c \u0111\u1ed9ng B\u0110KH v\u00e0 ph\u00e1t th\u1ea3i KNK Gi\u1ea3m nh\u1eb9 v\u00e0 th\u00edch \u1ee9ng B\u1ea3o v\u1ec7 t\u1ea7ng ozon K\u1ebft qu\u1ea3 \u0111\u00e1nh gi\u00e1 kh\u00ed h\u1eadu Qu\u1ed1c gia Nghi\u00ean c\u1ee9u KHCN \u1ee9ng ph\u00f3 B\u0110KH\u2026","rel":"","context":"Similar post","img":{"alt_text":"","src":"","width":0,"height":0},"classes":[]},{"id":475,"url":"https:\/\/mtnongnghiep.com\/index.php\/du-lieu-moi-truong-dat\/","url_meta":{"origin":5,"position":3},"title":"D\u1eef li\u1ec7u M\u00f4i tr\u01b0\u1eddng \u0111\u1ea5t","date":"November 25, 2021","format":false,"excerpt":"","rel":"","context":"Similar post","img":{"alt_text":"","src":"","width":0,"height":0},"classes":[]},{"id":2762,"url":"https:\/\/mtnongnghiep.com\/index.php\/du-lieu-bdkh-linh-vuc-diem-nghiep\/","url_meta":{"origin":5,"position":4},"title":"D\u1eef li\u1ec7u B\u0110KH l\u0129nh v\u1ef1c di\u00eam nghi\u1ec7p","date":"December 25, 2024","format":false,"excerpt":"V\u0103n b\u1ea3n ph\u00e1p l\u00fd T\u00e1c \u0111\u1ed9ng B\u0110KH v\u00e0 ph\u00e1t th\u1ea3i KNK Gi\u1ea3m nh\u1eb9 v\u00e0 th\u00edch \u1ee9ng B\u1ea3o v\u1ec7 t\u1ea7ng ozon K\u1ebft qu\u1ea3 \u0111\u00e1nh gi\u00e1 kh\u00ed h\u1eadu Qu\u1ed1c gia Nghi\u00ean c\u1ee9u KHCN \u1ee9ng ph\u00f3 B\u0110KH Ngu\u1ed3n l\u1ef1c \u1ee9ng ph\u00f3 B\u0110KH H\u1ee3p t\u00e1c qu\u1ed1c t\u1ebf","rel":"","context":"Similar post","img":{"alt_text":"","src":"","width":0,"height":0},"classes":[]},{"id":2758,"url":"https:\/\/mtnongnghiep.com\/index.php\/du-lieu-bdkh-linh-vuc-lam-nghiep\/","url_meta":{"origin":5,"position":5},"title":"D\u1eef li\u1ec7u B\u0110KH l\u0129nh v\u1ef1c l\u00e2m nghi\u1ec7p","date":"December 25, 2024","format":false,"excerpt":"V\u0103n b\u1ea3n ph\u00e1p l\u00fd T\u00e1c \u0111\u1ed9ng B\u0110KH v\u00e0 ph\u00e1t th\u1ea3i KNK Gi\u1ea3m nh\u1eb9 v\u00e0 th\u00edch \u1ee9ng B\u1ea3o v\u1ec7 t\u1ea7ng ozon K\u1ebft qu\u1ea3 \u0111\u00e1nh gi\u00e1 kh\u00ed h\u1eadu Qu\u1ed1c gia Nghi\u00ean c\u1ee9u KHCN \u1ee9ng ph\u00f3 B\u0110KH Ngu\u1ed3n l\u1ef1c \u1ee9ng ph\u00f3 B\u0110KH H\u1ee3p t\u00e1c qu\u1ed1c t\u1ebf","rel":"","context":"Similar post","img":{"alt_text":"","src":"","width":0,"height":0},"classes":[]}],"_links":{"self":[{"href":"https:\/\/mtnongnghiep.com\/index.php\/wp-json\/wp\/v2\/pages\/5"}],"collection":[{"href":"https:\/\/mtnongnghiep.com\/index.php\/wp-json\/wp\/v2\/pages"}],"about":[{"href":"https:\/\/mtnongnghiep.com\/index.php\/wp-json\/wp\/v2\/types\/page"}],"author":[{"embeddable":true,"href":"https:\/\/mtnongnghiep.com\/index.php\/wp-json\/wp\/v2\/users\/1"}],"replies":[{"embeddable":true,"href":"https:\/\/mtnongnghiep.com\/index.php\/wp-json\/wp\/v2\/comments?post=5"}],"version-history":[{"count":36,"href":"https:\/\/mtnongnghiep.com\/index.php\/wp-json\/wp\/v2\/pages\/5\/revisions"}],"predecessor-version":[{"id":2993,"href":"https:\/\/mtnongnghiep.com\/index.php\/wp-json\/wp\/v2\/pages\/5\/revisions\/2993"}],"wp:attachment":[{"href":"https:\/\/mtnongnghiep.com\/index.php\/wp-json\/wp\/v2\/media?parent=5"}],"curies":[{"name":"wp","href":"https:\/\/api.w.org\/{rel}","templated":true}]}}